{"id":19221,"date":"2026-02-13T16:57:21","date_gmt":"2026-02-13T13:57:21","guid":{"rendered":"https:\/\/arinresort.com\/?page_id=19221"},"modified":"2026-02-13T17:05:41","modified_gmt":"2026-02-13T14:05:41","slug":"satis-sozlesmesi","status":"publish","type":"page","link":"https:\/\/arinresort.com\/tr\/satis-sozlesmesi\/","title":{"rendered":"Sat\u0131\u015f S\u00f6zle\u015fmesi"},"content":{"rendered":"\t\t<div data-elementor-type=\"wp-page\" data-elementor-id=\"19221\" class=\"elementor elementor-19221\">\n\t\t\t\t        <section class=\"elementor-section elementor-top-section elementor-element elementor-element-ef7f062 elementor-section-boxed elementor-section-height-default elementor-section-height-default pxl-section-static-pos-no pxl-section-overflow-hidden-no pxl-container-margin-auto-no\" data-id=\"ef7f062\" data-element_type=\"section\">\n\n                \n                <div class=\"elementor-container elementor-column-gap-default \">\n                <div class=\"elementor-column elementor-col-100 elementor-top-column elementor-element elementor-element-fb66089 col-offset-none pxl-column-element-default pxl-column-overflow-hidden-no\" data-id=\"fb66089\" data-element_type=\"column\">\n        <div class=\"elementor-widget-wrap elementor-element-populated\">\n                    \t\t<div class=\"elementor-element elementor-element-0901f3f elementor-widget elementor-widget-text-editor\" data-id=\"0901f3f\" data-element_type=\"widget\" data-widget_type=\"text-editor.default\">\n\t\t\t\t<div class=\"elementor-widget-container\">\n\t\t\t<style>\/*! elementor - v3.21.0 - 26-05-2024 *\/\n.elementor-widget-text-editor.elementor-drop-cap-view-stacked .elementor-drop-cap{background-color:#69727d;color:#fff}.elementor-widget-text-editor.elementor-drop-cap-view-framed .elementor-drop-cap{color:#69727d;border:3px solid;background-color:transparent}.elementor-widget-text-editor:not(.elementor-drop-cap-view-default) .elementor-drop-cap{margin-top:8px}.elementor-widget-text-editor:not(.elementor-drop-cap-view-default) .elementor-drop-cap-letter{width:1em;height:1em}.elementor-widget-text-editor .elementor-drop-cap{float:left;text-align:center;line-height:1;font-size:50px}.elementor-widget-text-editor .elementor-drop-cap-letter{display:inline-block}<\/style>\t\t\t\t<h5 style=\"text-align: center;\" align=\"center\"><span lang=\"EN-US\">MESAFEL\u0130 SATI\u015e S\u00d6ZLE\u015eMES\u0130<br \/>(ONLINE KONAKLAMA H\u0130ZMET\u0130)<\/span><\/h5><p class=\"MsoNormal\"><span lang=\"EN-US\"><br \/><strong>1. SATICI B\u0130LG\u0130LER\u0130<\/strong><\/span><\/p><p>Ticaret Unvan\u0131: Pol Turizm Sa\u011fl\u0131k Sanayi Ticaret ve Anonim \u015eirketi<br \/>Tesis Ad\u0131: Arin Resort Bodrum<br \/>Ticaret Sicil No: 018277<br \/>MERS\u0130S No: 0730074777300002<br \/>Adres: Turgutreis, Bah\u00e7elievler Mah., \u015eehit Kenan Aybey Caddesi No:123, 48960 Bodrum\/Mu\u011fla<br \/>Telefon: +90 252 382 88 98<br \/>E-posta: info@arinresort.com<br \/>KVKK E-posta: kvkk@arinresort.com<br \/><br \/><\/p><p class=\"MsoNormal\"><span lang=\"EN-US\"><br \/><strong>2. S\u00d6ZLE\u015eMEN\u0130N KONUSU<\/strong><\/span><\/p><p>\u0130\u015fbu s\u00f6zle\u015fmenin konusu, ALICI\u2019n\u0131n www.arinresort.com.tr internet sitesi \u00fczerinden<br \/>elektronik ortamda rezervasyonunu yapt\u0131\u011f\u0131 konaklama hizmetine ili\u015fkin taraflar\u0131n<br \/>hak ve y\u00fck\u00fcml\u00fcl\u00fcklerinin belirlenmesidir.<br \/><br \/><\/p><p class=\"MsoNormal\"><span lang=\"EN-US\"><br \/><strong>3. H\u0130ZMET B\u0130LG\u0130LER\u0130<\/strong><\/span><\/p><p>Tesis: Arin Resort Bodrum<br \/>Oda tipi: (rezervasyon s\u0131ras\u0131nda se\u00e7ilen)<br \/>Giri\u015f tarihi:<br \/>\u00c7\u0131k\u0131\u015f tarihi:<br \/>Ki\u015fi say\u0131s\u0131:<br \/>Toplam konaklama bedeli:<br \/><br \/><\/p><p class=\"MsoNormal\"><span lang=\"EN-US\"><br \/><strong>4. \u00d6DEME VE SANAL POS<\/strong><\/span><\/p><p>\u00d6deme i\u015flemleri Garanti Bankas\u0131 A.\u015e. taraf\u0131ndan sa\u011flanan sanal POS altyap\u0131s\u0131 \u00fczerinden<br \/>3D Secure g\u00fcvenlik sistemi ile ger\u00e7ekle\u015ftirilmektedir.<\/p><p>Kredi kart\u0131 bilgileriniz \u015firket sistemlerinde saklanmaz.<br \/>\u00d6deme bilgileri do\u011frudan banka altyap\u0131s\u0131 \u00fczerinden i\u015flenir.<br \/>\u00d6deme tamamland\u0131\u011f\u0131nda rezervasyon kesinle\u015fir.<br \/><br \/><\/p><p class=\"MsoNormal\"><span lang=\"EN-US\"><br \/><strong>5. \u0130PTAL VE \u0130ADE KO\u015eULLARI<\/strong><\/span><\/p><p>5.1 \u00dccretsiz \u0130ptal:<br \/>Var\u0131\u015f tarihinden 7 g\u00fcnden daha \u00f6nce yap\u0131lan iptaller \u00fccretsizdir.<\/p><p>5.2 K\u0131smi \u0130ade:<br \/>Var\u0131\u015f tarihine 7 g\u00fcn \u2013 3 g\u00fcn kala yap\u0131lan iptallerde toplam tutar\u0131n %50\u2019si iade edilir.<\/p><p>5.3 \u0130ade Yap\u0131lmayan Durumlar:<br \/>&#8211; Var\u0131\u015f tarihine 3 g\u00fcn ve daha az kala yap\u0131lan iptaller<br \/>&#8211; No-show<br \/>&#8211; Erken \u00e7\u0131k\u0131\u015f<br \/>&#8211; Yanl\u0131\u015f ya\u015f veya eksik ki\u015fi beyan\u0131<br \/>&#8211; Onays\u0131z isim de\u011fi\u015fikli\u011fi<\/p><p>\u0130adeler \u00f6demenin yap\u0131ld\u0131\u011f\u0131 karta 7\u201314 i\u015f g\u00fcn\u00fc i\u00e7erisinde ger\u00e7ekle\u015ftirilir.<br \/><br \/><\/p><p class=\"MsoNormal\"><span lang=\"EN-US\"><br \/><strong>6. CAYMA HAKKI<\/strong><\/span><\/p><p>Mesafeli S\u00f6zle\u015fmeler Y\u00f6netmeli\u011fi Madde 15\/\u011f gere\u011fince belirli tarihte yap\u0131lmas\u0131 gereken<br \/>konaklama hizmetlerinde cayma hakk\u0131 bulunmamaktad\u0131r.<br \/><br \/><\/p><p class=\"MsoNormal\"><span lang=\"EN-US\"><br \/><strong>7. \u00c7OCUK KONAKLAMA POL\u0130T\u0130KASI<\/strong><\/span><\/p><p>0 \u2013 12,99 ya\u015f aral\u0131\u011f\u0131nda 1 \u00e7ocuk \u00fccretsiz konaklayabilir.<br \/>Beyan edilen ya\u015f giri\u015fte ibraz edilen resmi kimlik ile uyumlu olmal\u0131d\u0131r.<br \/>Yanl\u0131\u015f beyan halinde fiyat fark\u0131 tahsil edilir.<br \/><br \/><\/p><p class=\"MsoNormal\"><span lang=\"EN-US\"><br \/><strong>8. K\u0130\u015e\u0130SEL VER\u0130LER\u0130N KORUNMASI<\/strong><\/span><\/p><p>Ki\u015fisel veriler 6698 say\u0131l\u0131 KVKK kapsam\u0131nda i\u015flenmektedir.<br \/>Detayl\u0131 bilgi i\u00e7in KVKK Ayd\u0131nlatma Metni ve \u00c7erez Politikas\u0131 incelenebilir.<br \/><br \/><\/p><p class=\"MsoNormal\"><span lang=\"EN-US\"><br \/><strong>9. UYU\u015eMAZLIKLARIN \u00c7\u00d6Z\u00dcM\u00dc<\/strong><\/span><\/p><p>Uyu\u015fmazl\u0131klarda T\u00fcketici Hakem Heyetleri ve T\u00fcketici Mahkemeleri yetkilidir.<br \/><br \/><\/p><p class=\"MsoNormal\"><span lang=\"EN-US\"><br \/>ALICI, \u00f6deme i\u015flemini tamamlayarak i\u015fbu s\u00f6zle\u015fmeyi okudu\u011funu, anlad\u0131\u011f\u0131n\u0131 ve kabul etti\u011fini beyan eder.<br \/><br \/><\/span><\/p>\t\t\t\t\t\t<\/div>\n\t\t\t\t<\/div>\n\t\t            <\/div>\n        <\/div>\n        \t\t\t<\/div>\n\t\t<\/section>\n\t\t\t\t<\/div>\n\t\t","protected":false},"excerpt":{"rendered":"<p>MESAFEL\u0130 SATI\u015e S\u00d6ZLE\u015eMES\u0130(ONLINE KONAKLAMA H\u0130ZMET\u0130) 1. SATICI B\u0130LG\u0130LER\u0130 Ticaret Unvan\u0131: Pol Turizm Sa\u011fl\u0131k Sanayi Ticaret ve Anonim \u015eirketiTesis Ad\u0131: Arin Resort BodrumTicaret Sicil No: 018277MERS\u0130S No: 0730074777300002Adres: Turgutreis, Bah\u00e7elievler Mah., \u015eehit Kenan Aybey Caddesi No:123, 48960 Bodrum\/Mu\u011flaTelefon: +90 252 382 88 98E-posta: info@arinresort.comKVKK E-posta: kvkk@arinresort.com 2. S\u00d6ZLE\u015eMEN\u0130N KONUSU \u0130\u015fbu s\u00f6zle\u015fmenin konusu, ALICI\u2019n\u0131n www.arinresort.com.tr internet sitesi [&hellip;]<\/p>\n","protected":false},"author":2,"featured_media":0,"parent":0,"menu_order":0,"comment_status":"closed","ping_status":"closed","template":"","meta":{"footnotes":""},"class_list":["post-19221","page","type-page","status-publish","hentry"],"_links":{"self":[{"href":"https:\/\/arinresort.com\/tr\/wp-json\/wp\/v2\/pages\/19221","targetHints":{"allow":["GET"]}}],"collection":[{"href":"https:\/\/arinresort.com\/tr\/wp-json\/wp\/v2\/pages"}],"about":[{"href":"https:\/\/arinresort.com\/tr\/wp-json\/wp\/v2\/types\/page"}],"author":[{"embeddable":true,"href":"https:\/\/arinresort.com\/tr\/wp-json\/wp\/v2\/users\/2"}],"replies":[{"embeddable":true,"href":"https:\/\/arinresort.com\/tr\/wp-json\/wp\/v2\/comments?post=19221"}],"version-history":[{"count":4,"href":"https:\/\/arinresort.com\/tr\/wp-json\/wp\/v2\/pages\/19221\/revisions"}],"predecessor-version":[{"id":19226,"href":"https:\/\/arinresort.com\/tr\/wp-json\/wp\/v2\/pages\/19221\/revisions\/19226"}],"wp:attachment":[{"href":"https:\/\/arinresort.com\/tr\/wp-json\/wp\/v2\/media?parent=19221"}],"curies":[{"name":"wp","href":"https:\/\/api.w.org\/{rel}","templated":true}]}}