{"id":18351,"date":"2024-07-18T19:56:54","date_gmt":"2024-07-18T16:56:54","guid":{"rendered":"https:\/\/arinresort.com\/?page_id=18351"},"modified":"2026-02-13T15:31:05","modified_gmt":"2026-02-13T12:31:05","slug":"kvkk","status":"publish","type":"page","link":"https:\/\/arinresort.com\/tr\/kvkk\/","title":{"rendered":"KVKK Ayd\u0131nlatma Metni"},"content":{"rendered":"\t\t<div data-elementor-type=\"wp-page\" data-elementor-id=\"18351\" class=\"elementor elementor-18351\">\n\t\t\t\t        <section class=\"elementor-section elementor-top-section elementor-element elementor-element-6953b791 elementor-section-boxed elementor-section-height-default elementor-section-height-default pxl-section-static-pos-no pxl-section-overflow-hidden-no pxl-container-margin-auto-no\" data-id=\"6953b791\" data-element_type=\"section\">\n\n                \n                <div class=\"elementor-container elementor-column-gap-default \">\n                <div class=\"elementor-column elementor-col-100 elementor-top-column elementor-element elementor-element-1f053a39 col-offset-none pxl-column-element-default pxl-column-overflow-hidden-no\" data-id=\"1f053a39\" data-element_type=\"column\">\n        <div class=\"elementor-widget-wrap elementor-element-populated\">\n                    \t\t<div class=\"elementor-element elementor-element-354ca909 elementor-widget elementor-widget-text-editor\" data-id=\"354ca909\" data-element_type=\"widget\" data-widget_type=\"text-editor.default\">\n\t\t\t\t<div class=\"elementor-widget-container\">\n\t\t\t<style>\/*! elementor - v3.21.0 - 26-05-2024 *\/\n.elementor-widget-text-editor.elementor-drop-cap-view-stacked .elementor-drop-cap{background-color:#69727d;color:#fff}.elementor-widget-text-editor.elementor-drop-cap-view-framed .elementor-drop-cap{color:#69727d;border:3px solid;background-color:transparent}.elementor-widget-text-editor:not(.elementor-drop-cap-view-default) .elementor-drop-cap{margin-top:8px}.elementor-widget-text-editor:not(.elementor-drop-cap-view-default) .elementor-drop-cap-letter{width:1em;height:1em}.elementor-widget-text-editor .elementor-drop-cap{float:left;text-align:center;line-height:1;font-size:50px}.elementor-widget-text-editor .elementor-drop-cap-letter{display:inline-block}<\/style>\t\t\t\t<p><strong>K\u0130\u015e\u0130SEL VER\u0130LER\u0130N\u0130N \u0130\u015eLENMES\u0130NE VE KORUNMASINA \u0130L\u0130\u015eK\u0130N AYDINLATMA METN\u0130<\/strong><\/p><p><br \/>\u0130\u015fbu ayd\u0131nlatma metni, 6698 say\u0131l\u0131 Ki\u015fisel Verilerin Korunmas\u0131 Kanunu (\u201cKVKK\u201d) uyar\u0131nca<br \/>Pol Turizm Sa\u011fl\u0131k Sanayi Ticaret ve Anonim \u015eirketi \u2013 Arin Resort Bodrum (\u201c\u015eirket\u201d)<br \/>taraf\u0131ndan veri sorumlusu s\u0131fat\u0131yla haz\u0131rlanm\u0131\u015ft\u0131r.<br \/><br \/><\/p><h6><strong>ONLINE REZERVASYON VE ELEKTRON\u0130K T\u0130CARET S\u00dcRE\u00c7LER\u0130\u00a0<\/strong><\/h6><p><br \/>\u0130nternet sitesi \u00fczerinden ger\u00e7ekle\u015ftirilen online oda rezervasyonu i\u015flemlerinin y\u00fcr\u00fct\u00fclmesi,<br \/>konaklama s\u00f6zle\u015fmesinin kurulmas\u0131 ve ifas\u0131, rezervasyon teyit s\u00fcre\u00e7lerinin y\u00fcr\u00fct\u00fclmesi,<br \/>\u00f6n provizyon ve tahsilat i\u015flemlerinin ger\u00e7ekle\u015ftirilmesi amac\u0131yla ki\u015fisel verileriniz i\u015flenmektedir.<br \/><br \/>Online rezervasyon hizmeti HOTELRUNNER B\u0130LG\u0130 TEKNOLOJ\u0130LER\u0130 T\u0130C. A.\u015e. altyap\u0131s\u0131 kullan\u0131larak sa\u011flanmaktad\u0131r.<br \/>Rezervasyon s\u00fcrecinde i\u015flenen ki\u015fisel veriler, s\u00f6zle\u015fmenin kurulmas\u0131 ve ifas\u0131 hukuki sebebine dayan\u0131larak i\u015flenmekte olup,<br \/>HOTELRUNNER B\u0130LG\u0130 TEKNOLOJ\u0130LER\u0130 T\u0130C. A.\u015e. teknik hizmet sa\u011flay\u0131c\u0131 olarak veri i\u015fleyen s\u0131fat\u0131yla hareket etmektedir.<br \/><br \/><\/p><h6><strong>SANAL POS VE \u00d6DEME S\u00dcRE\u00c7LER\u0130<\/strong><\/h6><p><br \/>\u00d6deme i\u015flemleri Garanti Bankas\u0131 A.\u015e. taraf\u0131ndan sa\u011flanan sanal POS altyap\u0131s\u0131 \u00fczerinden<br \/>3D Secure g\u00fcvenlik sistemi ile ger\u00e7ekle\u015ftirilmektedir.<br \/><br \/>Kredi kart\u0131 bilgileriniz \u015firket sistemlerinde kaydedilmez, saklanmaz veya depolanmaz.<br \/>\u00d6deme verileri do\u011frudan banka altyap\u0131s\u0131 \u00fczerinden i\u015flenmektedir.<br \/><br \/><\/p><h6><strong>D\u0130J\u0130TAL PAZARLAMA VE REKLAM FAAL\u0130YETLER\u0130\u00a0<\/strong><\/h6><p><br \/>\u015eirketimiz internet sitesi \u00fczerinde Google Analytics, Google Ads, Meta Pixel ve yeniden pazarlama (remarketing)<br \/>teknolojileri kullanmaktad\u0131r.<br \/><br \/>Bu kapsamda IP adresi, cihaz bilgisi, site kullan\u0131m davran\u0131\u015flar\u0131 ve reklam etkile\u015fim verileri \u00e7erezler arac\u0131l\u0131\u011f\u0131yla i\u015flenebilmektedir.<br \/>Bu veri i\u015fleme faaliyetleri a\u00e7\u0131k r\u0131zan\u0131za dayanmaktad\u0131r.<br \/><br \/>Google LLC ve Meta Platforms Inc. gibi yurtd\u0131\u015f\u0131nda yerle\u015fik teknoloji sa\u011flay\u0131c\u0131lar\u0131na veri aktar\u0131m\u0131,<br \/>KVKK\u2019n\u0131n 9. maddesi kapsam\u0131nda yeterlilik karar\u0131 veya uygun g\u00fcvenceler \u00e7er\u00e7evesinde ger\u00e7ekle\u015ftirilmektedir.<br \/><br \/><\/p><h6>CRM VE E-B\u00dcLTEN S\u00dcRE\u00c7LER\u0130<\/h6><p><br \/>Ki\u015fisel verileriniz m\u00fc\u015fteri ili\u015fkileri y\u00f6netimi (CRM), kampanya bilgilendirmeleri,<br \/>memnuniyet anketleri ve e-b\u00fclten g\u00f6nderimi amac\u0131yla i\u015flenebilmektedir.<br \/><br \/>Elektronik ticari iletiler 6563 say\u0131l\u0131 Elektronik Ticaretin D\u00fczenlenmesi Hakk\u0131nda Kanun<br \/>kapsam\u0131nda a\u00e7\u0131k r\u0131zan\u0131za dayan\u0131larak g\u00f6nderilmektedir.<br \/><br \/><\/p><h6>VER\u0130 AKTARIMI<\/h6><p><br \/>Ki\u015fisel verileriniz;<br \/><br \/>&#8211; Garanti Bankas\u0131 A.\u015e. (\u00f6deme i\u015flemleri kapsam\u0131nda),<br \/>&#8211; HOTELRUNNER B\u0130LG\u0130 TEKNOLOJ\u0130LER\u0130 T\u0130C. A.\u015e. (online rezervasyon altyap\u0131s\u0131 kapsam\u0131nda \u2013 veri i\u015fleyen),<br \/>&#8211; Google LLC ve Meta Platforms Inc. (reklam ve analiz faaliyetleri kapsam\u0131nda a\u00e7\u0131k r\u0131za ile),<br \/>&#8211; Yetkili kamu kurum ve kurulu\u015flar\u0131,<br \/>&#8211; \u0130\u015f ortaklar\u0131 ve tedarik\u00e7iler<br \/><br \/>ile KVKK h\u00fck\u00fcmlerine uygun olarak payla\u015f\u0131labilecektir.<br \/><br \/><\/p><h6><strong>VER\u0130 SORUMLUSU B\u0130LG\u0130LER\u0130<\/strong><\/h6><p><br \/>Pol Turizm Sa\u011fl\u0131k Sanayi Ticaret ve Anonim \u015eirketi \u2013 Arin Resort Bodrum<br \/>Ticaret Sicil No: 018277<br \/>MERS\u0130S No: 0730074777300002<br \/>Adres: Turgutreis, Bah\u00e7elievler Mah, \u015eehit Kenan Aybey Caddesi No:123 Bodrum\/Mu\u011fla<br \/>E-posta: kvkk@arinresort.com<br \/><br \/><\/p>\t\t\t\t\t\t<\/div>\n\t\t\t\t<\/div>\n\t\t            <\/div>\n        <\/div>\n        \t\t\t<\/div>\n\t\t<\/section>\n\t\t\t\t<\/div>\n\t\t","protected":false},"excerpt":{"rendered":"<p>K\u0130\u015e\u0130SEL VER\u0130LER\u0130N\u0130N \u0130\u015eLENMES\u0130NE VE KORUNMASINA \u0130L\u0130\u015eK\u0130N AYDINLATMA METN\u0130 \u0130\u015fbu ayd\u0131nlatma metni, 6698 say\u0131l\u0131 Ki\u015fisel Verilerin Korunmas\u0131 Kanunu (\u201cKVKK\u201d) uyar\u0131ncaPol Turizm Sa\u011fl\u0131k Sanayi Ticaret ve Anonim \u015eirketi \u2013 Arin Resort Bodrum (\u201c\u015eirket\u201d)taraf\u0131ndan veri sorumlusu s\u0131fat\u0131yla haz\u0131rlanm\u0131\u015ft\u0131r. ONLINE REZERVASYON VE ELEKTRON\u0130K T\u0130CARET S\u00dcRE\u00c7LER\u0130\u00a0 \u0130nternet sitesi \u00fczerinden ger\u00e7ekle\u015ftirilen online oda rezervasyonu i\u015flemlerinin y\u00fcr\u00fct\u00fclmesi,konaklama s\u00f6zle\u015fmesinin kurulmas\u0131 ve ifas\u0131, rezervasyon [&hellip;]<\/p>\n","protected":false},"author":1,"featured_media":0,"parent":0,"menu_order":0,"comment_status":"closed","ping_status":"closed","template":"","meta":{"footnotes":""},"class_list":["post-18351","page","type-page","status-publish","hentry"],"_links":{"self":[{"href":"https:\/\/arinresort.com\/tr\/wp-json\/wp\/v2\/pages\/18351","targetHints":{"allow":["GET"]}}],"collection":[{"href":"https:\/\/arinresort.com\/tr\/wp-json\/wp\/v2\/pages"}],"about":[{"href":"https:\/\/arinresort.com\/tr\/wp-json\/wp\/v2\/types\/page"}],"author":[{"embeddable":true,"href":"https:\/\/arinresort.com\/tr\/wp-json\/wp\/v2\/users\/1"}],"replies":[{"embeddable":true,"href":"https:\/\/arinresort.com\/tr\/wp-json\/wp\/v2\/comments?post=18351"}],"version-history":[{"count":5,"href":"https:\/\/arinresort.com\/tr\/wp-json\/wp\/v2\/pages\/18351\/revisions"}],"predecessor-version":[{"id":19204,"href":"https:\/\/arinresort.com\/tr\/wp-json\/wp\/v2\/pages\/18351\/revisions\/19204"}],"wp:attachment":[{"href":"https:\/\/arinresort.com\/tr\/wp-json\/wp\/v2\/media?parent=18351"}],"curies":[{"name":"wp","href":"https:\/\/api.w.org\/{rel}","templated":true}]}}