{"id":1374,"date":"2022-09-15T03:57:21","date_gmt":"2022-09-15T03:57:21","guid":{"rendered":"https:\/\/demo.7iquid.com\/carmelina\/?page_id=1374"},"modified":"2024-07-04T03:57:15","modified_gmt":"2024-07-04T00:57:15","slug":"human-resources","status":"publish","type":"page","link":"https:\/\/arinresort.com\/tr\/human-resources\/","title":{"rendered":"\u0130nsan Kaynaklar\u0131"},"content":{"rendered":"\t\t<div data-elementor-type=\"wp-page\" data-elementor-id=\"1374\" class=\"elementor elementor-1374\">\n\t\t\t\t        <section class=\"elementor-section elementor-top-section elementor-element elementor-element-60833db elementor-section-full_width elementor-section-height-default elementor-section-height-default pxl-section-offset-none pxl-section-static-pos-no pxl-section-overflow-hidden-no pxl-container-margin-auto-no\" data-id=\"60833db\" data-element_type=\"section\">\n\n                \n                <div class=\"elementor-container elementor-column-gap-default \">\n                <div class=\"elementor-column elementor-col-50 elementor-top-column elementor-element elementor-element-48572441 col-offset-none pxl-column-element-default pxl-column-overflow-hidden-no\" data-id=\"48572441\" data-element_type=\"column\" data-settings=\"{&quot;background_background&quot;:&quot;classic&quot;}\">\n        <div class=\"elementor-widget-wrap elementor-element-populated\">\n                    \t\t<div class=\"elementor-element elementor-element-5568c724 elementor-widget elementor-widget-pxl_heading\" data-id=\"5568c724\" data-element_type=\"widget\" data-widget_type=\"pxl_heading.default\">\n\t\t\t\t<div class=\"elementor-widget-container\">\n\t\t\t<div class=\"pxl-heading-wrap d-flex\">\n    <div class=\"pxl-heading-inner  \">\n                <h2 class=\"heading-title\">\n                        \u0130nsan Kaynaklar\u0131         <\/h2>\n            <\/div>\n<\/div>\n\n\t\t<\/div>\n\t\t\t\t<\/div>\n\t\t            <\/div>\n        <\/div>\n                <div class=\"elementor-column elementor-col-50 elementor-top-column elementor-element elementor-element-35b82be8 col-offset-none pxl-column-element-default pxl-column-overflow-hidden-no\" data-id=\"35b82be8\" data-element_type=\"column\" data-settings=\"{&quot;background_background&quot;:&quot;classic&quot;}\">\n        <div class=\"elementor-widget-wrap\">\n                                <\/div>\n        <\/div>\n        \t\t\t<\/div>\n\t\t<\/section>\n\t\t        <section class=\"elementor-section elementor-top-section elementor-element elementor-element-16d7678 elementor-section-boxed elementor-section-height-default elementor-section-height-default pxl-section-static-pos-no pxl-section-overflow-hidden-no pxl-container-margin-auto-no\" data-id=\"16d7678\" data-element_type=\"section\">\n\n                \n                <div class=\"elementor-container elementor-column-gap-default \">\n                <div class=\"elementor-column elementor-col-50 elementor-top-column elementor-element elementor-element-028e4a6 col-offset-none pxl-column-element-default pxl-column-overflow-hidden-no\" data-id=\"028e4a6\" data-element_type=\"column\">\n        <div class=\"elementor-widget-wrap elementor-element-populated\">\n                    \t\t<div class=\"elementor-element elementor-element-b2b4cad elementor-widget elementor-widget-image\" data-id=\"b2b4cad\" data-element_type=\"widget\" data-widget_type=\"image.default\">\n\t\t\t\t<div class=\"elementor-widget-container\">\n\t\t\t<style>\/*! elementor - v3.21.0 - 26-05-2024 *\/\n.elementor-widget-image{text-align:center}.elementor-widget-image a{display:inline-block}.elementor-widget-image a img[src$=\".svg\"]{width:48px}.elementor-widget-image img{vertical-align:middle;display:inline-block}<\/style>\t\t\t\t\t\t\t\t\t\t<img fetchpriority=\"high\" decoding=\"async\" width=\"800\" height=\"578\" src=\"https:\/\/arinresort.com\/wp-content\/uploads\/2024\/05\/hr.webp\" class=\"attachment-full size-full wp-image-17276\" alt=\"\u0130nsan Kaynaklar\u0131\" srcset=\"https:\/\/arinresort.com\/wp-content\/uploads\/2024\/05\/hr.webp 800w, https:\/\/arinresort.com\/wp-content\/uploads\/2024\/05\/hr-768x555.webp 768w\" sizes=\"(max-width: 800px) 100vw, 800px\" \/>\t\t\t\t\t\t\t\t\t\t\t\t\t<\/div>\n\t\t\t\t<\/div>\n\t\t            <\/div>\n        <\/div>\n                <div class=\"elementor-column elementor-col-50 elementor-top-column elementor-element elementor-element-03bad94 col-offset-none pxl-column-element-default pxl-column-overflow-hidden-no\" data-id=\"03bad94\" data-element_type=\"column\">\n        <div class=\"elementor-widget-wrap elementor-element-populated\">\n                    \t\t<div class=\"elementor-element elementor-element-7f1ffd1 elementor-widget elementor-widget-pxl_heading\" data-id=\"7f1ffd1\" data-element_type=\"widget\" data-widget_type=\"pxl_heading.default\">\n\t\t\t\t<div class=\"elementor-widget-container\">\n\t\t\t<div class=\"pxl-heading-wrap d-flex\">\n    <div class=\"pxl-heading-inner  \">\n                <h2 class=\"heading-title pxl-split-text split-in-right pxl-animate pxl-invisible animated-normal\" data-settings=\"{&quot;animation&quot;:&quot;fadeIn&quot;,&quot;animation_delay&quot;:300}\">\n                        \u0130nsan Kaynaklar\u0131         <\/h2>\n            <\/div>\n<\/div>\n\n\t\t<\/div>\n\t\t\t\t<\/div>\n\t\t\t\t<div class=\"elementor-element elementor-element-4cdedcd elementor-widget elementor-widget-pxl_contact_form\" data-id=\"4cdedcd\" data-element_type=\"widget\" data-widget_type=\"pxl_contact_form.default\">\n\t\t\t\t<div class=\"elementor-widget-container\">\n\t\t\t<div class=\"pxl-cf7-wrap relative \">\n    \n<div class=\"wpcf7 no-js\" id=\"wpcf7-f17278-o1\" lang=\"tr-TR\" dir=\"ltr\">\n<div class=\"screen-reader-response\"><p role=\"status\" aria-live=\"polite\" aria-atomic=\"true\"><\/p> <ul><\/ul><\/div>\n<form action=\"\/tr\/wp-json\/wp\/v2\/pages\/1374#wpcf7-f17278-o1\" method=\"post\" class=\"wpcf7-form init\" aria-label=\"Contact form\" enctype=\"multipart\/form-data\" novalidate=\"novalidate\" data-status=\"init\">\n<div style=\"display: none;\">\n<input type=\"hidden\" name=\"_wpcf7\" value=\"17278\" \/>\n<input type=\"hidden\" name=\"_wpcf7_version\" value=\"5.9.4\" \/>\n<input type=\"hidden\" name=\"_wpcf7_locale\" value=\"tr_TR\" \/>\n<input type=\"hidden\" name=\"_wpcf7_unit_tag\" value=\"wpcf7-f17278-o1\" \/>\n<input type=\"hidden\" name=\"_wpcf7_container_post\" value=\"0\" \/>\n<input type=\"hidden\" name=\"_wpcf7_posted_data_hash\" value=\"\" \/>\n<\/div>\n<div class=\"contact-form-main\">\n\t<div class=\"row\">\n\t\t<div class=\"col-12\">\n\t\t\t<div class=\"control-item\">\n\t\t\t\t<p><span class=\"wpcf7-form-control-wrap\" data-name=\"your-name\"><input size=\"40\" class=\"wpcf7-form-control wpcf7-text wpcf7-validates-as-required\" aria-required=\"true\" aria-invalid=\"false\" placeholder=\"Ad Soyad\" value=\"\" type=\"text\" name=\"your-name\" \/><\/span>\n\t\t\t\t<\/p>\n\t\t\t<\/div>\n\t\t\t<div class=\"control-item\">\n\t\t\t\t<p><span class=\"wpcf7-form-control-wrap\" data-name=\"tel-462\"><input size=\"40\" class=\"wpcf7-form-control wpcf7-tel wpcf7-validates-as-required wpcf7-text wpcf7-validates-as-tel\" aria-required=\"true\" aria-invalid=\"false\" placeholder=\"Telefon\" value=\"\" type=\"tel\" name=\"tel-462\" \/><\/span>\n\t\t\t\t<\/p>\n\t\t\t<\/div>\n\t\t\t<div class=\"control-item\">\n\t\t\t\t<p><span class=\"wpcf7-form-control-wrap\" data-name=\"your-email\"><input size=\"40\" class=\"wpcf7-form-control wpcf7-email wpcf7-validates-as-required wpcf7-text wpcf7-validates-as-email\" aria-required=\"true\" aria-invalid=\"false\" placeholder=\"E-mail\" value=\"\" type=\"email\" name=\"your-email\" \/><\/span>\n\t\t\t\t<\/p>\n\t\t\t<\/div>\n\t\t<\/div>\n\t\t<div class=\"col-12 col-lg-6\" style=\"margin-top:10px;\">\n\t\t\t<div class=\"control-item\">\n\t\t\t\t<p><label> CV Y\u00fckle<br \/>\n<span class=\"wpcf7-form-control-wrap\" data-name=\"cv\"><input size=\"40\" class=\"wpcf7-form-control wpcf7-file\" accept=\"audio\/*,video\/*,image\/*\" aria-invalid=\"false\" type=\"file\" name=\"cv\" \/><\/span> <\/label>\n\t\t\t\t<\/p>\n\t\t\t<\/div>\n\t\t<\/div>\n\t\t<div class=\"col-12 col-lg-6\" style=\"margin-top:20px;\">\n\t\t\t<div class=\"control-item\">\n\t\t\t\t<p><input class=\"wpcf7-form-control wpcf7-submit has-spinner\" type=\"submit\" value=\"G\u00f6nder\" \/>\n\t\t\t\t<\/p>\n\t\t\t<\/div>\n\t\t<\/div>\n\t<\/div>\n<\/div><div class=\"wpcf7-response-output\" aria-hidden=\"true\"><\/div>\n<\/form>\n<\/div>\n \n<\/div>\t\t<\/div>\n\t\t\t\t<\/div>\n\t\t            <\/div>\n        <\/div>\n        \t\t\t<\/div>\n\t\t<\/section>\n\t\t        <section class=\"elementor-section elementor-top-section elementor-element elementor-element-0928d0e elementor-section-boxed elementor-section-height-default elementor-section-height-default pxl-section-static-pos-no pxl-section-overflow-hidden-no pxl-container-margin-auto-no\" data-id=\"0928d0e\" data-element_type=\"section\">\n\n                \n                <div class=\"elementor-container elementor-column-gap-default \">\n                <div class=\"elementor-column elementor-col-100 elementor-top-column elementor-element elementor-element-36a9916 col-offset-none pxl-column-element-default pxl-column-overflow-hidden-no\" data-id=\"36a9916\" data-element_type=\"column\">\n        <div class=\"elementor-widget-wrap\">\n                                <\/div>\n        <\/div>\n        \t\t\t<\/div>\n\t\t<\/section>\n\t\t        <section class=\"elementor-section elementor-top-section elementor-element elementor-element-4c2f85d elementor-section-boxed elementor-section-height-default elementor-section-height-default pxl-section-static-pos-no pxl-section-overflow-hidden-no pxl-container-margin-auto-no\" data-id=\"4c2f85d\" data-element_type=\"section\" data-settings=\"{&quot;background_background&quot;:&quot;classic&quot;}\">\n\n                \n                <div class=\"elementor-container elementor-column-gap-no \">\n                <div class=\"elementor-column elementor-col-50 elementor-top-column elementor-element elementor-element-5d5c594e col-offset-none pxl-column-element-default pxl-column-overflow-hidden-no\" data-id=\"5d5c594e\" data-element_type=\"column\">\n        <div class=\"elementor-widget-wrap elementor-element-populated\">\n                    \t\t<div class=\"elementor-element elementor-element-e6dc4ee elementor-invisible pxl-elementor-animate elementor-widget elementor-widget-pxl_heading\" data-id=\"e6dc4ee\" data-element_type=\"widget\" data-settings=\"{&quot;_animation&quot;:&quot;fadeInUp&quot;}\" data-widget_type=\"pxl_heading.default\">\n\t\t\t\t<div class=\"elementor-widget-container\">\n\t\t\t<div class=\"pxl-heading-wrap d-flex\">\n    <div class=\"pxl-heading-inner  \">\n                <h2 class=\"heading-title pxl-animate pxl-invisible animated-normal\" data-settings=\"{&quot;animation&quot;:&quot;fadeIn&quot;,&quot;animation_delay&quot;:300}\">\n                        Bize Ula\u015f\u0131n         <\/h2>\n            <\/div>\n<\/div>\n\n\t\t<\/div>\n\t\t\t\t<\/div>\n\t\t\t\t<div class=\"elementor-element elementor-element-7fd6f2d6 elementor-invisible pxl-elementor-animate elementor-widget elementor-widget-pxl_text_editor\" data-id=\"7fd6f2d6\" data-element_type=\"widget\" data-settings=\"{&quot;_animation&quot;:&quot;fadeInUp&quot;}\" data-widget_type=\"pxl_text_editor.default\">\n\t\t\t\t<div class=\"elementor-widget-container\">\n\t\t\t<div id=\"pxl_text_editor-7fd6f2d6-5221\" class=\"pxl-text-editor-wrap d-flex \" >\n\t<div class=\"pxl-text-editor elementor-clearfix\">\n\t\t<p class=\"mb-2\"><strong class=\"text-primary\">Adres:<\/strong>\u00a0<br \/>Turgutreis, Bah\u00e7elievler Mah, \u015eehit Kenan Aybey Caddesi No: 123, 48960 Bodrum\/Mu\u011fla<\/p><p class=\"mb-2\"><strong class=\"text-primary\">Telefon:<\/strong> +90 252 382 88 98<br \/><strong class=\"text-primary mr-1\">E-Mail: <\/strong>info@arinresort.com | reservation@arinresort.com<br \/><strong class=\"text-primary\">Instagram:<\/strong> arinresortbodrum\u00a0<strong class=\"text-primary\">X:<\/strong> arinresort\u00a0<strong class=\"text-primary\">Facebook:<\/strong>\u00a0arinresortbodrum<\/p>\t\t\n\t<\/div>\n<\/div>\t\t<\/div>\n\t\t\t\t<\/div>\n\t\t\t\t<div class=\"elementor-element elementor-element-41265f33 elementor-widget__width-auto elementor-invisible pxl-elementor-animate elementor-widget elementor-widget-pxl_button\" data-id=\"41265f33\" data-element_type=\"widget\" data-settings=\"{&quot;_animation&quot;:&quot;zoomIn&quot;}\" data-widget_type=\"pxl_button.default\">\n\t\t\t\t<div class=\"elementor-widget-container\">\n\t\t\t<div id=\"pxl_button-41265f33-6006\" class=\"pxl-button-wrapper d-flex-wrap pxl-button-layout1\" >\n    <a href=\"https:\/\/arin-resort-hotel-bodrum.hotelrunner.com\/bv3\/search\" class=\"pxl-btn default icon-ps-right\">\n        <span class=\"pxl-button-text\">Rezervasyon Yap<\/span>\n            <\/a>\n<\/div>\t\t<\/div>\n\t\t\t\t<\/div>\n\t\t            <\/div>\n        <\/div>\n                <div class=\"elementor-column elementor-col-50 elementor-top-column elementor-element elementor-element-14707266 col-offset-none pxl-column-element-default pxl-column-overflow-hidden-no\" data-id=\"14707266\" data-element_type=\"column\">\n        <div class=\"elementor-widget-wrap elementor-element-populated\">\n                    \t\t<div class=\"elementor-element elementor-element-6a0ea908 elementor-widget elementor-widget-google_maps\" data-id=\"6a0ea908\" data-element_type=\"widget\" data-widget_type=\"google_maps.default\">\n\t\t\t\t<div class=\"elementor-widget-container\">\n\t\t\t<style>\/*! elementor - v3.21.0 - 26-05-2024 *\/\n.elementor-widget-google_maps .elementor-widget-container{overflow:hidden}.elementor-widget-google_maps .elementor-custom-embed{line-height:0}.elementor-widget-google_maps iframe{height:300px}<\/style>\t\t<div class=\"elementor-custom-embed\">\n\t\t\t<iframe loading=\"lazy\"\n\t\t\t\t\tsrc=\"https:\/\/maps.google.com\/maps?q=Arin%20Resort%20Bodrum%2C%20Bah%C3%A7elievler%2C%20Bah%C3%A7elievler%20Mah%2C%20%C5%9Eehit%20Kenan%20Aybey%20Caddesi%20No%3A%20123%2C%2048960%20Bodrum%2FMu%C4%9Fla&#038;t=m&#038;z=13&#038;output=embed&#038;iwloc=near\"\n\t\t\t\t\ttitle=\"Arin Resort Bodrum, Bah\u00e7elievler, Bah\u00e7elievler Mah, \u015eehit Kenan Aybey Caddesi No: 123, 48960 Bodrum\/Mu\u011fla\"\n\t\t\t\t\taria-label=\"Arin Resort Bodrum, Bah\u00e7elievler, Bah\u00e7elievler Mah, \u015eehit Kenan Aybey Caddesi No: 123, 48960 Bodrum\/Mu\u011fla\"\n\t\t\t><\/iframe>\n\t\t<\/div>\n\t\t\t\t<\/div>\n\t\t\t\t<\/div>\n\t\t            <\/div>\n        <\/div>\n        \t\t\t<\/div>\n\t\t<\/section>\n\t\t        <section class=\"elementor-section elementor-top-section elementor-element elementor-element-194f3619 elementor-section-content-middle pxl-section-overflow-hidden-yes elementor-section-boxed elementor-section-height-default elementor-section-height-default pxl-section-static-pos-no pxl-container-margin-auto-no\" data-id=\"194f3619\" data-element_type=\"section\">\n\n        <div class=\"pxl-section-bg-parallax-outer\"><div class=\"pxl-section-bg-parallax\" data-parallax=\"{&quot;y&quot;:-100}\"><\/div><\/div>                    <div class=\"elementor-background-overlay\"><\/div>\n            \n                <div class=\"elementor-container elementor-column-gap-default \">\n                <div class=\"elementor-column elementor-col-50 elementor-top-column elementor-element elementor-element-6d7220b1 col-offset-none pxl-column-element-default pxl-column-overflow-hidden-no\" data-id=\"6d7220b1\" data-element_type=\"column\">\n        <div class=\"elementor-widget-wrap elementor-element-populated\">\n                    \t\t<div class=\"elementor-element elementor-element-4d597d27 elementor-widget elementor-widget-pxl_heading\" data-id=\"4d597d27\" data-element_type=\"widget\" data-widget_type=\"pxl_heading.default\">\n\t\t\t\t<div class=\"elementor-widget-container\">\n\t\t\t<div class=\"pxl-heading-wrap d-flex\">\n    <div class=\"pxl-heading-inner  \">\n                <h3 class=\"heading-title\">\n                        Arin Resort B\u00fclten         <\/h3>\n                    <div class=\"heading-subtitle \">\n                <div class=\"subtitle-text \">Size \u00f6zel teklifler ve t\u00fcm geli\u015fmelerden haberdar olun!<\/div>\n            <\/div>\n            <\/div>\n<\/div>\n\n\t\t<\/div>\n\t\t\t\t<\/div>\n\t\t            <\/div>\n        <\/div>\n                <div class=\"elementor-column elementor-col-50 elementor-top-column elementor-element elementor-element-3698307c col-offset-none pxl-column-element-default pxl-column-overflow-hidden-no\" data-id=\"3698307c\" data-element_type=\"column\">\n        <div class=\"elementor-widget-wrap elementor-element-populated\">\n                    \t\t<div class=\"elementor-element elementor-element-18590bc5 elementor-widget elementor-widget-pxl_text_editor\" data-id=\"18590bc5\" data-element_type=\"widget\" data-widget_type=\"pxl_text_editor.default\">\n\t\t\t\t<div class=\"elementor-widget-container\">\n\t\t\t<div id=\"pxl_text_editor-18590bc5-7352\" class=\"pxl-text-editor-wrap d-flex \" >\n\t<div class=\"pxl-text-editor elementor-clearfix\">\n\t\t<p>Haber b\u00fcltenimize abone olun!<\/p>\t\t\n\t<\/div>\n<\/div>\t\t<\/div>\n\t\t\t\t<\/div>\n\t\t\t\t<div class=\"elementor-element elementor-element-7b040a98 elementor-widget elementor-widget-pxl_mailchimp\" data-id=\"7b040a98\" data-element_type=\"widget\" data-widget_type=\"pxl_mailchimp.default\">\n\t\t\t\t<div class=\"elementor-widget-container\">\n\t\t\t\t<div class=\"pxl-mailchimp d-flex style-default\">\n\t\t<div class=\"col\">\n\t\t<script>(function() {\n\twindow.mc4wp = window.mc4wp || {\n\t\tlisteners: [],\n\t\tforms: {\n\t\t\ton: function(evt, cb) {\n\t\t\t\twindow.mc4wp.listeners.push(\n\t\t\t\t\t{\n\t\t\t\t\t\tevent   : evt,\n\t\t\t\t\t\tcallback: cb\n\t\t\t\t\t}\n\t\t\t\t);\n\t\t\t}\n\t\t}\n\t}\n})();\n<\/script><!-- Mailchimp for WordPress v4.9.13 - https:\/\/wordpress.org\/plugins\/mailchimp-for-wp\/ --><form id=\"mc4wp-form-1\" class=\"mc4wp-form mc4wp-form-224\" method=\"post\" data-id=\"224\" data-name=\"Newsletters\" ><div class=\"mc4wp-form-fields\"><div class=\"mailchimp-form relative\">\r\n    <label>Subscribe to receive the latest news from us<\/label>\r\n  \t<input type=\"email\" name=\"email\" placeholder=\"Email Address...\" required \/>\r\n    <button type=\"submit\" class=\"pxl-btn\"><span class=\"btn-text\">Subscribe<\/span><span class=\"pxl-icon zmdi zmdi-long-arrow-right\"><\/span><\/button>\r\n<\/div><\/div><label style=\"display: none !important;\">Leave this field empty if you're human: <input type=\"text\" name=\"_mc4wp_honeypot\" value=\"\" tabindex=\"-1\" autocomplete=\"off\" \/><\/label><input type=\"hidden\" name=\"_mc4wp_timestamp\" value=\"1777535000\" \/><input type=\"hidden\" name=\"_mc4wp_form_id\" value=\"224\" \/><input type=\"hidden\" name=\"_mc4wp_form_element_id\" value=\"mc4wp-form-1\" \/><div class=\"mc4wp-response\"><\/div><\/form><!-- \/ Mailchimp for WordPress Plugin -->\t\t<\/div>\n\t<\/div>\n\t\t<\/div>\n\t\t\t\t<\/div>\n\t\t            <\/div>\n        <\/div>\n        \t\t\t<\/div>\n\t\t<\/section>\n\t\t\t\t<\/div>\n\t\t","protected":false},"excerpt":{"rendered":"<p>\u0130nsan Kaynaklar\u0131 \u0130nsan Kaynaklar\u0131 CV Y\u00fckle Bize Ula\u015f\u0131n Adres:\u00a0Turgutreis, Bah\u00e7elievler Mah, \u015eehit Kenan Aybey Caddesi No: 123, 48960 Bodrum\/Mu\u011fla Telefon: +90 252 382 88 98E-Mail: info@arinresort.com | reservation@arinresort.comInstagram: arinresortbodrum\u00a0X: arinresort\u00a0Facebook:\u00a0arinresortbodrum Rezervasyon Yap Arin Resort B\u00fclten Size \u00f6zel teklifler ve t\u00fcm geli\u015fmelerden haberdar olun! Haber b\u00fcltenimize abone olun! Subscribe to receive the latest news from us [&hellip;]<\/p>\n","protected":false},"author":1,"featured_media":0,"parent":0,"menu_order":0,"comment_status":"closed","ping_status":"closed","template":"","meta":{"footnotes":""},"class_list":["post-1374","page","type-page","status-publish","hentry"],"_links":{"self":[{"href":"https:\/\/arinresort.com\/tr\/wp-json\/wp\/v2\/pages\/1374","targetHints":{"allow":["GET"]}}],"collection":[{"href":"https:\/\/arinresort.com\/tr\/wp-json\/wp\/v2\/pages"}],"about":[{"href":"https:\/\/arinresort.com\/tr\/wp-json\/wp\/v2\/types\/page"}],"author":[{"embeddable":true,"href":"https:\/\/arinresort.com\/tr\/wp-json\/wp\/v2\/users\/1"}],"replies":[{"embeddable":true,"href":"https:\/\/arinresort.com\/tr\/wp-json\/wp\/v2\/comments?post=1374"}],"version-history":[{"count":31,"href":"https:\/\/arinresort.com\/tr\/wp-json\/wp\/v2\/pages\/1374\/revisions"}],"predecessor-version":[{"id":18099,"href":"https:\/\/arinresort.com\/tr\/wp-json\/wp\/v2\/pages\/1374\/revisions\/18099"}],"wp:attachment":[{"href":"https:\/\/arinresort.com\/tr\/wp-json\/wp\/v2\/media?parent=1374"}],"curies":[{"name":"wp","href":"https:\/\/api.w.org\/{rel}","templated":true}]}}